{"id":188,"date":"2022-05-09T09:55:29","date_gmt":"2022-05-09T07:55:29","guid":{"rendered":"http:\/\/www.ecrin-auvergne.com\/?page_id=188"},"modified":"2023-05-20T09:57:16","modified_gmt":"2023-05-20T07:57:16","slug":"conditions-generales-d-utilisation","status":"publish","type":"page","link":"https:\/\/www.ecrin-auvergne.com\/fr\/conditions-generales-d-utilisation\/","title":{"rendered":"Conditions G\u00e9n\u00e9rales d'Utilisation"},"content":{"rendered":"\n<pre class=\"wp-block-code\"><code><\/code><\/pre>\n","protected":false},"excerpt":{"rendered":"","protected":false},"author":1,"featured_media":0,"parent":0,"menu_order":20,"comment_status":"closed","ping_status":"closed","template":"","meta":{"inline_featured_image":false,"footnotes":""},"class_list":["post-188","page","type-page","status-publish","hentry"],"acf":[],"yoast_head":"<!-- This site is optimized with the Yoast SEO plugin v19.8 - https:\/\/yoast.com\/wordpress\/plugins\/seo\/ -->\n<title>~ Conditions G\u00e9n\u00e9rales d&#039;Utilisation | \u00c9crin d&#039;Auvergne<\/title>\n<meta name=\"description\" content=\"Site Officiel \u2705 Le pr\u00e9sent site web, accessible \u00e0 l&#039;adresse https:\/\/www.ecrin-auvergne.com est la propri\u00e9t\u00e9 de la soci\u00e9t\u00e9 SARL AACL.\" \/>\n<meta name=\"robots\" content=\"noindex, nofollow\" \/>\n<meta property=\"og:locale\" content=\"fr_FR\" \/>\n<meta property=\"og:type\" content=\"article\" \/>\n<meta property=\"og:title\" content=\"~ Conditions G\u00e9n\u00e9rales d&#039;Utilisation | \u00c9crin d&#039;Auvergne\" \/>\n<meta property=\"og:description\" content=\"Site Officiel \u2705 Le pr\u00e9sent site web, accessible \u00e0 l&#039;adresse https:\/\/www.ecrin-auvergne.com est la propri\u00e9t\u00e9 de la soci\u00e9t\u00e9 SARL AACL.\" \/>\n<meta property=\"og:url\" content=\"https:\/\/www.ecrin-auvergne.com\/fr\/conditions-generales-d-utilisation\/\" \/>\n<meta property=\"og:site_name\" content=\"Ecrin d&#039;Auvergne\" \/>\n<meta property=\"article:modified_time\" content=\"2023-05-20T07:57:16+00:00\" \/>\n<meta name=\"twitter:card\" content=\"summary_large_image\" \/>\n<script type=\"application\/ld+json\" class=\"yoast-schema-graph\">{\"@context\":\"https:\/\/schema.org\",\"@graph\":[{\"@type\":\"WebPage\",\"@id\":\"https:\/\/www.ecrin-auvergne.com\/fr\/conditions-generales-d-utilisation\/\",\"url\":\"https:\/\/www.ecrin-auvergne.com\/fr\/conditions-generales-d-utilisation\/\",\"name\":\"~ Conditions G\u00e9n\u00e9rales d'Utilisation | \u00c9crin d'Auvergne\",\"isPartOf\":{\"@id\":\"https:\/\/www.ecrin-auvergne.com\/fr\/#website\"},\"datePublished\":\"2022-05-09T07:55:29+00:00\",\"dateModified\":\"2023-05-20T07:57:16+00:00\",\"description\":\"Site Officiel \u2705 Le pr\u00e9sent site web, accessible \u00e0 l'adresse https:\/\/www.ecrin-auvergne.com est la propri\u00e9t\u00e9 de la soci\u00e9t\u00e9 SARL AACL.\",\"breadcrumb\":{\"@id\":\"https:\/\/www.ecrin-auvergne.com\/fr\/conditions-generales-d-utilisation\/#breadcrumb\"},\"inLanguage\":\"fr-FR\",\"potentialAction\":[{\"@type\":\"ReadAction\",\"target\":[\"https:\/\/www.ecrin-auvergne.com\/fr\/conditions-generales-d-utilisation\/\"]}]},{\"@type\":\"BreadcrumbList\",\"@id\":\"https:\/\/www.ecrin-auvergne.com\/fr\/conditions-generales-d-utilisation\/#breadcrumb\",\"itemListElement\":[{\"@type\":\"ListItem\",\"position\":1,\"name\":\"Home\",\"item\":\"https:\/\/www.ecrin-auvergne.com\/fr\/\"},{\"@type\":\"ListItem\",\"position\":2,\"name\":\"Conditions G\u00e9n\u00e9rales d'Utilisation\"}]},{\"@type\":\"WebSite\",\"@id\":\"https:\/\/www.ecrin-auvergne.com\/fr\/#website\",\"url\":\"https:\/\/www.ecrin-auvergne.com\/fr\/\",\"name\":\"Ecrin d&#039;Auvergne\",\"description\":\"Hotelodge avec spa privatif en auvergne\",\"publisher\":{\"@id\":\"https:\/\/www.ecrin-auvergne.com\/fr\/#organization\"},\"potentialAction\":[{\"@type\":\"SearchAction\",\"target\":{\"@type\":\"EntryPoint\",\"urlTemplate\":\"https:\/\/www.ecrin-auvergne.com\/fr\/?s={search_term_string}\"},\"query-input\":\"required name=search_term_string\"}],\"inLanguage\":\"fr-FR\"},{\"@type\":\"Organization\",\"@id\":\"https:\/\/www.ecrin-auvergne.com\/fr\/#organization\",\"name\":\"Ecrin d&#039;Auvergne\",\"url\":\"https:\/\/www.ecrin-auvergne.com\/fr\/\",\"sameAs\":[],\"logo\":{\"@type\":\"ImageObject\",\"inLanguage\":\"fr-FR\",\"@id\":\"https:\/\/www.ecrin-auvergne.com\/fr\/#\/schema\/logo\/image\/\",\"url\":\"https:\/\/www.ecrin-auvergne.com\/wp-content\/uploads\/2023\/02\/image_opengraph2.jpg\",\"contentUrl\":\"https:\/\/www.ecrin-auvergne.com\/wp-content\/uploads\/2023\/02\/image_opengraph2.jpg\",\"width\":600,\"height\":600,\"caption\":\"Ecrin d&#039;Auvergne\"},\"image\":{\"@id\":\"https:\/\/www.ecrin-auvergne.com\/fr\/#\/schema\/logo\/image\/\"}}]}<\/script>\n<!-- \/ Yoast SEO plugin. -->","yoast_head_json":{"title":"~ Conditions G\u00e9n\u00e9rales d'Utilisation | \u00c9crin d'Auvergne","description":"Site Officiel \u2705 Le pr\u00e9sent site web, accessible \u00e0 l'adresse https:\/\/www.ecrin-auvergne.com est la propri\u00e9t\u00e9 de la soci\u00e9t\u00e9 SARL AACL.","robots":{"index":"noindex","follow":"nofollow"},"og_locale":"fr_FR","og_type":"article","og_title":"~ Conditions G\u00e9n\u00e9rales d'Utilisation | \u00c9crin d'Auvergne","og_description":"Site Officiel \u2705 Le pr\u00e9sent site web, accessible \u00e0 l'adresse https:\/\/www.ecrin-auvergne.com est la propri\u00e9t\u00e9 de la soci\u00e9t\u00e9 SARL AACL.","og_url":"https:\/\/www.ecrin-auvergne.com\/fr\/conditions-generales-d-utilisation\/","og_site_name":"Ecrin d&#039;Auvergne","article_modified_time":"2023-05-20T07:57:16+00:00","twitter_card":"summary_large_image","schema":{"@context":"https:\/\/schema.org","@graph":[{"@type":"WebPage","@id":"https:\/\/www.ecrin-auvergne.com\/fr\/conditions-generales-d-utilisation\/","url":"https:\/\/www.ecrin-auvergne.com\/fr\/conditions-generales-d-utilisation\/","name":"~ Conditions G\u00e9n\u00e9rales d'Utilisation | \u00c9crin d'Auvergne","isPartOf":{"@id":"https:\/\/www.ecrin-auvergne.com\/fr\/#website"},"datePublished":"2022-05-09T07:55:29+00:00","dateModified":"2023-05-20T07:57:16+00:00","description":"Site Officiel \u2705 Le pr\u00e9sent site web, accessible \u00e0 l'adresse https:\/\/www.ecrin-auvergne.com est la propri\u00e9t\u00e9 de la soci\u00e9t\u00e9 SARL AACL.","breadcrumb":{"@id":"https:\/\/www.ecrin-auvergne.com\/fr\/conditions-generales-d-utilisation\/#breadcrumb"},"inLanguage":"fr-FR","potentialAction":[{"@type":"ReadAction","target":["https:\/\/www.ecrin-auvergne.com\/fr\/conditions-generales-d-utilisation\/"]}]},{"@type":"BreadcrumbList","@id":"https:\/\/www.ecrin-auvergne.com\/fr\/conditions-generales-d-utilisation\/#breadcrumb","itemListElement":[{"@type":"ListItem","position":1,"name":"Home","item":"https:\/\/www.ecrin-auvergne.com\/fr\/"},{"@type":"ListItem","position":2,"name":"Conditions G\u00e9n\u00e9rales d'Utilisation"}]},{"@type":"WebSite","@id":"https:\/\/www.ecrin-auvergne.com\/fr\/#website","url":"https:\/\/www.ecrin-auvergne.com\/fr\/","name":"Ecrin d&#039;Auvergne","description":"Hotelodge avec spa privatif en auvergne","publisher":{"@id":"https:\/\/www.ecrin-auvergne.com\/fr\/#organization"},"potentialAction":[{"@type":"SearchAction","target":{"@type":"EntryPoint","urlTemplate":"https:\/\/www.ecrin-auvergne.com\/fr\/?s={search_term_string}"},"query-input":"required name=search_term_string"}],"inLanguage":"fr-FR"},{"@type":"Organization","@id":"https:\/\/www.ecrin-auvergne.com\/fr\/#organization","name":"Ecrin d&#039;Auvergne","url":"https:\/\/www.ecrin-auvergne.com\/fr\/","sameAs":[],"logo":{"@type":"ImageObject","inLanguage":"fr-FR","@id":"https:\/\/www.ecrin-auvergne.com\/fr\/#\/schema\/logo\/image\/","url":"https:\/\/www.ecrin-auvergne.com\/wp-content\/uploads\/2023\/02\/image_opengraph2.jpg","contentUrl":"https:\/\/www.ecrin-auvergne.com\/wp-content\/uploads\/2023\/02\/image_opengraph2.jpg","width":600,"height":600,"caption":"Ecrin d&#039;Auvergne"},"image":{"@id":"https:\/\/www.ecrin-auvergne.com\/fr\/#\/schema\/logo\/image\/"}}]}},"_links":{"self":[{"href":"https:\/\/www.ecrin-auvergne.com\/fr\/wp-json\/wp\/v2\/pages\/188","targetHints":{"allow":["GET"]}}],"collection":[{"href":"https:\/\/www.ecrin-auvergne.com\/fr\/wp-json\/wp\/v2\/pages"}],"about":[{"href":"https:\/\/www.ecrin-auvergne.com\/fr\/wp-json\/wp\/v2\/types\/page"}],"author":[{"embeddable":true,"href":"https:\/\/www.ecrin-auvergne.com\/fr\/wp-json\/wp\/v2\/users\/1"}],"replies":[{"embeddable":true,"href":"https:\/\/www.ecrin-auvergne.com\/fr\/wp-json\/wp\/v2\/comments?post=188"}],"version-history":[{"count":2,"href":"https:\/\/www.ecrin-auvergne.com\/fr\/wp-json\/wp\/v2\/pages\/188\/revisions"}],"predecessor-version":[{"id":1733,"href":"https:\/\/www.ecrin-auvergne.com\/fr\/wp-json\/wp\/v2\/pages\/188\/revisions\/1733"}],"wp:attachment":[{"href":"https:\/\/www.ecrin-auvergne.com\/fr\/wp-json\/wp\/v2\/media?parent=188"}],"curies":[{"name":"wp","href":"https:\/\/api.w.org\/{rel}","templated":true}]}}