{"id":201,"date":"2022-05-09T10:37:39","date_gmt":"2022-05-09T08:37:39","guid":{"rendered":"http:\/\/www.ecrin-auvergne.com\/?page_id=201"},"modified":"2023-02-09T16:24:01","modified_gmt":"2023-02-09T15:24:01","slug":"politique-de-confidentialite","status":"publish","type":"page","link":"https:\/\/www.ecrin-auvergne.com\/fr\/politique-de-confidentialite\/","title":{"rendered":"Politique de Confidentialit\u00e9"},"content":{"rendered":"","protected":false},"excerpt":{"rendered":"","protected":false},"author":1,"featured_media":0,"parent":0,"menu_order":22,"comment_status":"closed","ping_status":"closed","template":"","meta":{"inline_featured_image":false,"footnotes":""},"class_list":["post-201","page","type-page","status-publish","hentry"],"acf":[],"yoast_head":"<!-- This site is optimized with the Yoast SEO plugin v19.8 - https:\/\/yoast.com\/wordpress\/plugins\/seo\/ -->\n<title>~ Politique de Confidentialit\u00e9 | \u00c9crin d&#039;Auvergne<\/title>\n<meta name=\"description\" content=\"Site Officiel \u2705 \u00c9crin d&#039;Auvergne veille \u00e0 la protection des donn\u00e9es personnelles des utilisateurs conform\u00e9ment aux dispositions du RGPD.\" \/>\n<meta name=\"robots\" content=\"noindex, nofollow\" \/>\n<meta property=\"og:locale\" content=\"fr_FR\" \/>\n<meta property=\"og:type\" content=\"article\" \/>\n<meta property=\"og:title\" content=\"~ Politique de Confidentialit\u00e9 | \u00c9crin d&#039;Auvergne\" \/>\n<meta property=\"og:description\" content=\"Site Officiel \u2705 \u00c9crin d&#039;Auvergne veille \u00e0 la protection des donn\u00e9es personnelles des utilisateurs conform\u00e9ment aux dispositions du RGPD.\" \/>\n<meta property=\"og:url\" content=\"https:\/\/www.ecrin-auvergne.com\/fr\/politique-de-confidentialite\/\" \/>\n<meta property=\"og:site_name\" content=\"Ecrin d&#039;Auvergne\" \/>\n<meta property=\"article:modified_time\" content=\"2023-02-09T15:24:01+00:00\" \/>\n<meta name=\"twitter:card\" content=\"summary_large_image\" \/>\n<script type=\"application\/ld+json\" class=\"yoast-schema-graph\">{\"@context\":\"https:\/\/schema.org\",\"@graph\":[{\"@type\":\"WebPage\",\"@id\":\"https:\/\/www.ecrin-auvergne.com\/fr\/politique-de-confidentialite\/\",\"url\":\"https:\/\/www.ecrin-auvergne.com\/fr\/politique-de-confidentialite\/\",\"name\":\"~ Politique de Confidentialit\u00e9 | \u00c9crin d'Auvergne\",\"isPartOf\":{\"@id\":\"https:\/\/www.ecrin-auvergne.com\/fr\/#website\"},\"datePublished\":\"2022-05-09T08:37:39+00:00\",\"dateModified\":\"2023-02-09T15:24:01+00:00\",\"description\":\"Site Officiel \u2705 \u00c9crin d'Auvergne veille \u00e0 la protection des donn\u00e9es personnelles des utilisateurs conform\u00e9ment aux dispositions du RGPD.\",\"breadcrumb\":{\"@id\":\"https:\/\/www.ecrin-auvergne.com\/fr\/politique-de-confidentialite\/#breadcrumb\"},\"inLanguage\":\"fr-FR\",\"potentialAction\":[{\"@type\":\"ReadAction\",\"target\":[\"https:\/\/www.ecrin-auvergne.com\/fr\/politique-de-confidentialite\/\"]}]},{\"@type\":\"BreadcrumbList\",\"@id\":\"https:\/\/www.ecrin-auvergne.com\/fr\/politique-de-confidentialite\/#breadcrumb\",\"itemListElement\":[{\"@type\":\"ListItem\",\"position\":1,\"name\":\"Home\",\"item\":\"https:\/\/www.ecrin-auvergne.com\/fr\/\"},{\"@type\":\"ListItem\",\"position\":2,\"name\":\"Politique de Confidentialit\u00e9\"}]},{\"@type\":\"WebSite\",\"@id\":\"https:\/\/www.ecrin-auvergne.com\/fr\/#website\",\"url\":\"https:\/\/www.ecrin-auvergne.com\/fr\/\",\"name\":\"Ecrin d&#039;Auvergne\",\"description\":\"Hotelodge avec spa privatif en auvergne\",\"publisher\":{\"@id\":\"https:\/\/www.ecrin-auvergne.com\/fr\/#organization\"},\"potentialAction\":[{\"@type\":\"SearchAction\",\"target\":{\"@type\":\"EntryPoint\",\"urlTemplate\":\"https:\/\/www.ecrin-auvergne.com\/fr\/?s={search_term_string}\"},\"query-input\":\"required name=search_term_string\"}],\"inLanguage\":\"fr-FR\"},{\"@type\":\"Organization\",\"@id\":\"https:\/\/www.ecrin-auvergne.com\/fr\/#organization\",\"name\":\"Ecrin d&#039;Auvergne\",\"url\":\"https:\/\/www.ecrin-auvergne.com\/fr\/\",\"sameAs\":[],\"logo\":{\"@type\":\"ImageObject\",\"inLanguage\":\"fr-FR\",\"@id\":\"https:\/\/www.ecrin-auvergne.com\/fr\/#\/schema\/logo\/image\/\",\"url\":\"https:\/\/www.ecrin-auvergne.com\/wp-content\/uploads\/2023\/02\/image_opengraph2.jpg\",\"contentUrl\":\"https:\/\/www.ecrin-auvergne.com\/wp-content\/uploads\/2023\/02\/image_opengraph2.jpg\",\"width\":600,\"height\":600,\"caption\":\"Ecrin d&#039;Auvergne\"},\"image\":{\"@id\":\"https:\/\/www.ecrin-auvergne.com\/fr\/#\/schema\/logo\/image\/\"}}]}<\/script>\n<!-- \/ Yoast SEO plugin. -->","yoast_head_json":{"title":"~ Politique de Confidentialit\u00e9 | \u00c9crin d'Auvergne","description":"Site Officiel \u2705 \u00c9crin d'Auvergne veille \u00e0 la protection des donn\u00e9es personnelles des utilisateurs conform\u00e9ment aux dispositions du RGPD.","robots":{"index":"noindex","follow":"nofollow"},"og_locale":"fr_FR","og_type":"article","og_title":"~ Politique de Confidentialit\u00e9 | \u00c9crin d'Auvergne","og_description":"Site Officiel \u2705 \u00c9crin d'Auvergne veille \u00e0 la protection des donn\u00e9es personnelles des utilisateurs conform\u00e9ment aux dispositions du RGPD.","og_url":"https:\/\/www.ecrin-auvergne.com\/fr\/politique-de-confidentialite\/","og_site_name":"Ecrin d&#039;Auvergne","article_modified_time":"2023-02-09T15:24:01+00:00","twitter_card":"summary_large_image","schema":{"@context":"https:\/\/schema.org","@graph":[{"@type":"WebPage","@id":"https:\/\/www.ecrin-auvergne.com\/fr\/politique-de-confidentialite\/","url":"https:\/\/www.ecrin-auvergne.com\/fr\/politique-de-confidentialite\/","name":"~ Politique de Confidentialit\u00e9 | \u00c9crin d'Auvergne","isPartOf":{"@id":"https:\/\/www.ecrin-auvergne.com\/fr\/#website"},"datePublished":"2022-05-09T08:37:39+00:00","dateModified":"2023-02-09T15:24:01+00:00","description":"Site Officiel \u2705 \u00c9crin d'Auvergne veille \u00e0 la protection des donn\u00e9es personnelles des utilisateurs conform\u00e9ment aux dispositions du RGPD.","breadcrumb":{"@id":"https:\/\/www.ecrin-auvergne.com\/fr\/politique-de-confidentialite\/#breadcrumb"},"inLanguage":"fr-FR","potentialAction":[{"@type":"ReadAction","target":["https:\/\/www.ecrin-auvergne.com\/fr\/politique-de-confidentialite\/"]}]},{"@type":"BreadcrumbList","@id":"https:\/\/www.ecrin-auvergne.com\/fr\/politique-de-confidentialite\/#breadcrumb","itemListElement":[{"@type":"ListItem","position":1,"name":"Home","item":"https:\/\/www.ecrin-auvergne.com\/fr\/"},{"@type":"ListItem","position":2,"name":"Politique de Confidentialit\u00e9"}]},{"@type":"WebSite","@id":"https:\/\/www.ecrin-auvergne.com\/fr\/#website","url":"https:\/\/www.ecrin-auvergne.com\/fr\/","name":"Ecrin d&#039;Auvergne","description":"Hotelodge avec spa privatif en auvergne","publisher":{"@id":"https:\/\/www.ecrin-auvergne.com\/fr\/#organization"},"potentialAction":[{"@type":"SearchAction","target":{"@type":"EntryPoint","urlTemplate":"https:\/\/www.ecrin-auvergne.com\/fr\/?s={search_term_string}"},"query-input":"required name=search_term_string"}],"inLanguage":"fr-FR"},{"@type":"Organization","@id":"https:\/\/www.ecrin-auvergne.com\/fr\/#organization","name":"Ecrin d&#039;Auvergne","url":"https:\/\/www.ecrin-auvergne.com\/fr\/","sameAs":[],"logo":{"@type":"ImageObject","inLanguage":"fr-FR","@id":"https:\/\/www.ecrin-auvergne.com\/fr\/#\/schema\/logo\/image\/","url":"https:\/\/www.ecrin-auvergne.com\/wp-content\/uploads\/2023\/02\/image_opengraph2.jpg","contentUrl":"https:\/\/www.ecrin-auvergne.com\/wp-content\/uploads\/2023\/02\/image_opengraph2.jpg","width":600,"height":600,"caption":"Ecrin d&#039;Auvergne"},"image":{"@id":"https:\/\/www.ecrin-auvergne.com\/fr\/#\/schema\/logo\/image\/"}}]}},"_links":{"self":[{"href":"https:\/\/www.ecrin-auvergne.com\/fr\/wp-json\/wp\/v2\/pages\/201","targetHints":{"allow":["GET"]}}],"collection":[{"href":"https:\/\/www.ecrin-auvergne.com\/fr\/wp-json\/wp\/v2\/pages"}],"about":[{"href":"https:\/\/www.ecrin-auvergne.com\/fr\/wp-json\/wp\/v2\/types\/page"}],"author":[{"embeddable":true,"href":"https:\/\/www.ecrin-auvergne.com\/fr\/wp-json\/wp\/v2\/users\/1"}],"replies":[{"embeddable":true,"href":"https:\/\/www.ecrin-auvergne.com\/fr\/wp-json\/wp\/v2\/comments?post=201"}],"version-history":[{"count":1,"href":"https:\/\/www.ecrin-auvergne.com\/fr\/wp-json\/wp\/v2\/pages\/201\/revisions"}],"predecessor-version":[{"id":1700,"href":"https:\/\/www.ecrin-auvergne.com\/fr\/wp-json\/wp\/v2\/pages\/201\/revisions\/1700"}],"wp:attachment":[{"href":"https:\/\/www.ecrin-auvergne.com\/fr\/wp-json\/wp\/v2\/media?parent=201"}],"curies":[{"name":"wp","href":"https:\/\/api.w.org\/{rel}","templated":true}]}}